{"id":388,"date":"2020-03-29T23:44:50","date_gmt":"2020-03-29T21:44:50","guid":{"rendered":"https:\/\/www.goldenempiretours.com?page_id=388"},"modified":"2021-04-26T17:08:32","modified_gmt":"2021-04-26T15:08:32","slug":"wir","status":"publish","type":"page","link":"https:\/\/www.goldenempiretours.com\/de\/wir","title":{"rendered":"Wir"},"content":{"rendered":"<p><strong><img loading=\"lazy\" class=\"size-full wp-image-1855 alignright\" src=\"https:\/\/www.goldenempiretours.com\/wp-content\/uploads\/2020\/08\/officina-1.jpg\" alt=\"\" width=\"416\" height=\"277\" \/><\/strong>Golden Empire Tours ist ein Reiseveranstalter und befindet sich in der arch\u00e4ologischen Hauptstadt S\u00fcdamerikas, Cusco. Unser Ziel ist die Verbreitung der gro\u00dfartigen Vergangenheit dieses Landes mit seiner einzigartigen Geschichte.<\/p>\n<p>Das Management der Firma wurde im Tourismus Bereich ausgebildet und verf\u00fcgt \u00fcber professionelles Wissen. Diese jahrelange Erfahrung m\u00f6chten wir Ihnen vermitteln in Form von hochwertigen Produkten, die es Ihnen m\u00f6glich machen die peruanische Kultur nahe zu bringen. Entdecken Sie Spuren der Vor Inka und Inka Kultur, alte und aktuelle Traditionen und Br\u00e4uche und besichtigen Sie unvergessliche arch\u00e4ologische Monumente inmitten unterschiedlichster \u00d6kosystemen.<\/p>\n<p>Dar\u00fcberhinaus sind Sie als Tourist der Hauptgrund unserer Arbeit und es liegt in unserem Interesse daf\u00fcr zu sorgen, dass Sie exzellenten Service und beste Qualit\u00e4t der Leistungen erhalten. Sicherheit, Komfort, P\u00fcnktlichkeit und Verantwortung sind weitere Grunds\u00e4tze, die wir in unseren Leistungen garantieren.<\/p>\n<p>Golden Empire Tours geh\u00f6rt zu einer Reihe von innovativen Firmen, die es sich ans Herz genommen haben mit nativen Gemeinden zu arbeiten. Desweiteren legen wir gro\u00dfen Wert auf einen respektvollen Umgang mit der Natur.<\/p>\n<p>Golden Empire Tours tr\u00e4gt zur nachtr\u00e4glichen Tourismus Entwicklung bei. Besonders Native Gemeinden erhalten Hilfe und Unterst\u00fctzung mit der Absicht die indigene Lebensweise zu konservieren und f\u00fcr den Tourismus zug\u00e4nglich zu machen.<\/p>\n<p><strong>Frau Matia Violeta Due\u00f1as Pareja<br \/>\nFirmenmanagerin<\/strong><\/p>\n<div class=\"ContentDivs clear\">\n<div class=\"Width1\">\n<h2>OUR VISION<\/h2>\n<p>We are a company whose purpose is to promote The Responsable and Sustainable\u00a0Tourism, let them know our glorious past, the beautiful and incredible ecosystem and\u00a0mega biodiversity. Respecting and preserving the customs of the Andean\u00a0Communities, preserving their cultural identity.<\/p>\n<\/div>\n<div class=\"Width2\">\n<h2>OUR MISSION<\/h2>\n<p>The mission of GET is to provide excellence in our work offering services of high quality, security, responsibility and the most important aim a personalized attention that is our reason of being.<\/p>\n<\/div>\n<div class=\"Width3\">\n<h2>EXCELLENCE<\/h2>\n<p>Our performance is oriented to get excellence in the provision of services that is a\u00a0challenge in our daily touristic work.<\/p>\n<\/div>\n<div class=\"Width4\">\n<h2>RESPONSIBILITY<\/h2>\n<p>We fulfill with seriousness and responsibility all the services that we offer to our\u00a0customers.<\/p>\n<\/div>\n<div class=\"Width5\">\n<h2>OUR PERSONALIZED ATTENTION.<\/h2>\n<p>We consider that our clients are the most important. In our tourism operations our,\u00a0objetive is give them a personalized attention, offering therefore trust and confidence.<\/p>\n<\/div>\n<div class=\"Width5\">\n<h2>RESPONSIBLE AND SUSTAINABLE TOURISM<\/h2>\n<p>Golden Empire Tours is a company whose purpose is to promote the Responsible Tourism, offering services of high quality, security and responsability. Likewise our commitment is protect the environment biodiversity and its\u00a0environment through the implementation of measures aimed at sustainable\u00a0consuption of resources and prevention of environmental pollution that could arise<br \/>\nfrom our activities or services.<\/p>\n<p>And seek to minimize negative impacts on the ecosystem in which our activity take\u00a0place.\u00a0Collaborate in the socio economic development of the communities that are involved in our tourism operations and products, with out discrimination and with\u00a0equal opportunities. Respect the customs of the Andean communities and preserve\u00a0their cultural identity.<\/p>\n<\/div>\n<\/div>\n<p><img loading=\"lazy\" class=\"alignnone size-full wp-image-2637\" src=\"https:\/\/www.goldenempiretours.com\/wp-content\/uploads\/2020\/10\/Collage-1.jpg\" alt=\"\" width=\"1600\" height=\"2400\" srcset=\"https:\/\/www.goldenempiretours.com\/wp-content\/uploads\/2020\/10\/Collage-1.jpg 1600w, https:\/\/www.goldenempiretours.com\/wp-content\/uploads\/2020\/10\/Collage-1-768x1152.jpg 768w, https:\/\/www.goldenempiretours.com\/wp-content\/uploads\/2020\/10\/Collage-1-1024x1536.jpg 1024w, https:\/\/www.goldenempiretours.com\/wp-content\/uploads\/2020\/10\/Collage-1-1365x2048.jpg 1365w\" sizes=\"(max-width: 1600px) 100vw, 1600px\" \/><\/p>\n","protected":false},"excerpt":{"rendered":"<p>Golden Empire Tours ist ein Reiseveranstalter und befindet sich in der arch\u00e4ologischen Hauptstadt S\u00fcdamerikas, Cusco. Unser Ziel ist die Verbreitung der gro\u00dfartigen Vergangenheit dieses Landes mit seiner einzigartigen Geschichte. Das Management der Firma wurde im Tourismus Bereich ausgebildet und verf\u00fcgt \u00fcber professionelles Wissen. Diese jahrelange Erfahrung m\u00f6chten wir Ihnen vermitteln in Form von hochwertigen Produkten, [&hellip;]<\/p>\n","protected":false},"author":1,"featured_media":0,"parent":0,"menu_order":0,"comment_status":"closed","ping_status":"closed","template":"","meta":[],"_links":{"self":[{"href":"https:\/\/www.goldenempiretours.com\/de\/wp-json\/wp\/v2\/pages\/388"}],"collection":[{"href":"https:\/\/www.goldenempiretours.com\/de\/wp-json\/wp\/v2\/pages"}],"about":[{"href":"https:\/\/www.goldenempiretours.com\/de\/wp-json\/wp\/v2\/types\/page"}],"author":[{"embeddable":true,"href":"https:\/\/www.goldenempiretours.com\/de\/wp-json\/wp\/v2\/users\/1"}],"replies":[{"embeddable":true,"href":"https:\/\/www.goldenempiretours.com\/de\/wp-json\/wp\/v2\/comments?post=388"}],"version-history":[{"count":7,"href":"https:\/\/www.goldenempiretours.com\/de\/wp-json\/wp\/v2\/pages\/388\/revisions"}],"predecessor-version":[{"id":3039,"href":"https:\/\/www.goldenempiretours.com\/de\/wp-json\/wp\/v2\/pages\/388\/revisions\/3039"}],"wp:attachment":[{"href":"https:\/\/www.goldenempiretours.com\/de\/wp-json\/wp\/v2\/media?parent=388"}],"curies":[{"name":"wp","href":"https:\/\/api.w.org\/{rel}","templated":true}]}}